{"id":13,"date":"2019-10-17T23:53:58","date_gmt":"2019-10-17T21:53:58","guid":{"rendered":"https:\/\/promothome.com\/financement\/?page_id=13"},"modified":"2020-02-03T22:44:49","modified_gmt":"2020-02-03T21:44:49","slug":"financement","status":"publish","type":"page","link":"https:\/\/promothome.com\/financement\/","title":{"rendered":"Financement"},"content":{"rendered":"<div class=\"wpb-content-wrapper\"><p>[vc_row css=\u00a0\u00bb.vc_custom_1571836424491{padding-top: 0px !important;padding-right: 0px !important;padding-bottom: 0px !important;padding-left: 0px !important;}\u00a0\u00bb el_class=\u00a0\u00bbcontainer\u00a0\u00bb][vc_column][vc_row_inner][vc_column_inner width=\u00a0\u00bb1\/2&Prime;][vc_single_image image=\u00a0\u00bb12&Prime; img_size=\u00a0\u00bbmedium\u00a0\u00bb][\/vc_column_inner][vc_column_inner width=\u00a0\u00bb1\/2&Prime;][vc_column_text]<\/p>\n<h3 class=\"title-negative-margin\">PROMOTHOME <span class=\"special-color\">Financement<\/span><\/h3>\n<div class=\"title-separator-primary\"><\/div>\n<div class=\"margin-top-60\"><\/div>\n<p>Filiale du groupe d\u00e9di\u00e9e au courtage en pr\u00eats, Promothome Financement vous accompagne dans le montage et la n\u00e9gociation de votre financement aupr\u00e8s de l\u2019ensemble de ses partenaires.<\/p>\n<p>B\u00e9n\u00e9ficier des services d\u2019un courtier vous permettra d&rsquo;obtenir les meilleurs conseils sur l\u2019optimisation de votre projet ainsi qu\u2019une \u00e9conomie non n\u00e9gligeable de temps.<\/p>\n<p>Promothome Financement vous accompagne \u00e9galement dans votre suivi bancaire pour une gestion optimale de tous vos projets.<\/p>\n<p>Sans plus attendre utilisez notre simulateur de pr\u00eat et d\u00e9poser votre demande directement en ligne.<\/p>\n<p>Nous nous engageons \u00e0 revenir vers vous d\u00e8s r\u00e9ception de votre demande.<br \/>\nUne fois celle-ci valid\u00e9e, vous pourrez suivre l\u2019avancement de votre projet dans votre espace client.<\/p>\n<p>Si vous souhaitez plus d\u2019informations concernant une demande de pr\u00eat \u00e0 venir ou en cours, n\u2019h\u00e9sitez pas \u00e0 nous contacter au :<\/p>\n<p>&nbsp;<\/p>\n<p><a href=\"tel:0984295919\"><img loading=\"lazy\" decoding=\"async\" class=\"size-medium wp-image-16 aligncenter\" src=\"https:\/\/promothome.com\/financement\/wp-content\/uploads\/sites\/2\/2019\/10\/cartouche_promothome_nume\u0301ro_gratuit-300x48.png\" alt=\"\" width=\"300\" height=\"48\" srcset=\"https:\/\/promothome.com\/financement\/wp-content\/uploads\/sites\/2\/2019\/10\/cartouche_promothome_nume\u0301ro_gratuit-300x48.png 300w, https:\/\/promothome.com\/financement\/wp-content\/uploads\/sites\/2\/2019\/10\/cartouche_promothome_nume\u0301ro_gratuit-768x122.png 768w, https:\/\/promothome.com\/financement\/wp-content\/uploads\/sites\/2\/2019\/10\/cartouche_promothome_nume\u0301ro_gratuit-1024x163.png 1024w, https:\/\/promothome.com\/financement\/wp-content\/uploads\/sites\/2\/2019\/10\/cartouche_promothome_nume\u0301ro_gratuit.png 1680w\" sizes=\"auto, (max-width: 300px) 100vw, 300px\" \/><\/a>[\/vc_column_text][\/vc_column_inner][\/vc_row_inner][\/vc_column][\/vc_row][vc_row][vc_column][vc_row_inner el_class=\u00a0\u00bbcontainer\u00a0\u00bb][vc_column_inner width=\u00a0\u00bb1\/2&Prime;][vc_hoverbox image=\u00a0\u00bb12&Prime; primary_title=\u00a0\u00bbSimuler votre pr\u00eat immobilier en moins d&rsquo;1 minute\u00a0\u00bb hover_title=\u00a0\u00bbSIMULER\u00a0\u00bb hover_btn_title=\u00a0\u00bbSIMULER VOTRE PR\u00caT\u00a0\u00bb hover_btn_color=\u00a0\u00bbblack\u00a0\u00bb hover_btn_align=\u00a0\u00bbcenter\u00a0\u00bb hover_add_button=\u00a0\u00bbtrue\u00a0\u00bb hover_btn_link=\u00a0\u00bburl:https%3A%2F%2Fpromothome.com%2Ffinancement%2Fsimuler-financement%2F|||\u00a0\u00bb][\/vc_hoverbox][\/vc_column_inner][vc_column_inner width=\u00a0\u00bb1\/2&Prime;][vc_hoverbox image=\u00a0\u00bb83&Prime; primary_title=\u00a0\u00bbD\u00e9posez votre demande de pr\u00eat en quelques clics\u00a0\u00bb hover_title=\u00a0\u00bbSIMULER\u00a0\u00bb hover_btn_title=\u00a0\u00bbDEMANDE FINANCEMENT\u00a0\u00bb hover_btn_color=\u00a0\u00bbblack\u00a0\u00bb hover_btn_align=\u00a0\u00bbcenter\u00a0\u00bb hover_add_button=\u00a0\u00bbtrue\u00a0\u00bb hover_btn_link=\u00a0\u00bburl:https%3A%2F%2Fpromothome.com%2Ffinancement%2Fdemande-financement%2F|||\u00a0\u00bb][\/vc_hoverbox][\/vc_column_inner][\/vc_row_inner][\/vc_column][\/vc_row]<\/p>\n<\/div>","protected":false},"excerpt":{"rendered":"<p>[vc_row css=\u00a0\u00bb.vc_custom_1571836424491{padding-top: 0px !important;padding-right: 0px !important;padding-bottom: 0px !important;padding-left: 0px !important;}\u00a0\u00bb el_class=\u00a0\u00bbcontainer\u00a0\u00bb][vc_column][vc_row_inner][vc_column_inner width=\u00a0\u00bb1\/2&Prime;][vc_single_image image=\u00a0\u00bb12&Prime; img_size=\u00a0\u00bbmedium\u00a0\u00bb][\/vc_column_inner][vc_column_inner width=\u00a0\u00bb1\/2&Prime;][vc_column_text] PROMOTHOME Financement Filiale du groupe d\u00e9di\u00e9e au courtage en pr\u00eats, Promothome Financement vous accompagne dans le montage et la n\u00e9gociation de votre financement aupr\u00e8s de l\u2019ensemble de ses partenaires. B\u00e9n\u00e9ficier des services d\u2019un courtier vous permettra d&rsquo;obtenir les meilleurs conseils [&hellip;]<\/p>\n","protected":false},"author":1,"featured_media":12,"parent":0,"menu_order":0,"comment_status":"closed","ping_status":"closed","template":"","meta":{"footnotes":""},"class_list":["post-13","page","type-page","status-publish","hentry"],"yoast_head":"<!-- This site is optimized with the Yoast SEO plugin v24.5 - https:\/\/yoast.com\/wordpress\/plugins\/seo\/ -->\n<title>PROMOTHOME Financement - Groupe immobilier digital<\/title>\n<meta name=\"description\" content=\"Filiale du groupe d\u00e9di\u00e9e au courtage en pr\u00eats, Promothome Financement vous accompagne dans le montage et la n\u00e9gociation de votre financement aupr\u00e8s de l\u2019ensemble de ses partenaires.\" \/>\n<meta name=\"robots\" content=\"index, follow, max-snippet:-1, max-image-preview:large, max-video-preview:-1\" \/>\n<link rel=\"canonical\" href=\"https:\/\/promothome.com\/financement\/\" \/>\n<meta property=\"og:locale\" content=\"fr_FR\" \/>\n<meta property=\"og:type\" content=\"article\" \/>\n<meta property=\"og:title\" content=\"PROMOTHOME Financement - Groupe immobilier digital\" \/>\n<meta property=\"og:description\" content=\"Filiale du groupe d\u00e9di\u00e9e au courtage en pr\u00eats, Promothome Financement vous accompagne dans le montage et la n\u00e9gociation de votre financement aupr\u00e8s de l\u2019ensemble de ses partenaires.\" \/>\n<meta property=\"og:url\" content=\"https:\/\/promothome.com\/financement\/\" \/>\n<meta property=\"og:site_name\" content=\"PROMOTHOME - FINANCEMENT\" \/>\n<meta property=\"article:modified_time\" content=\"2020-02-03T21:44:49+00:00\" \/>\n<meta property=\"og:image\" content=\"https:\/\/promothome.com\/financement\/wp-content\/uploads\/sites\/2\/2019\/10\/financement-promothome.jpg\" \/>\n\t<meta property=\"og:image:width\" content=\"1920\" \/>\n\t<meta property=\"og:image:height\" content=\"800\" \/>\n\t<meta property=\"og:image:type\" content=\"image\/jpeg\" \/>\n<meta name=\"twitter:card\" content=\"summary_large_image\" \/>\n<meta name=\"twitter:label1\" content=\"Dur\u00e9e de lecture estim\u00e9e\" \/>\n\t<meta name=\"twitter:data1\" content=\"2 minutes\" \/>\n<script type=\"application\/ld+json\" class=\"yoast-schema-graph\">{\"@context\":\"https:\/\/schema.org\",\"@graph\":[{\"@type\":\"WebPage\",\"@id\":\"https:\/\/promothome.com\/financement\/\",\"url\":\"https:\/\/promothome.com\/financement\/\",\"name\":\"PROMOTHOME Financement - Groupe immobilier digital\",\"isPartOf\":{\"@id\":\"https:\/\/promothome.com\/financement\/#website\"},\"primaryImageOfPage\":{\"@id\":\"https:\/\/promothome.com\/financement\/#primaryimage\"},\"image\":{\"@id\":\"https:\/\/promothome.com\/financement\/#primaryimage\"},\"thumbnailUrl\":\"https:\/\/promothome.com\/financement\/wp-content\/uploads\/sites\/2\/2019\/10\/financement-promothome.jpg\",\"datePublished\":\"2019-10-17T21:53:58+00:00\",\"dateModified\":\"2020-02-03T21:44:49+00:00\",\"description\":\"Filiale du groupe d\u00e9di\u00e9e au courtage en pr\u00eats, Promothome Financement vous accompagne dans le montage et la n\u00e9gociation de votre financement aupr\u00e8s de l\u2019ensemble de ses partenaires.\",\"breadcrumb\":{\"@id\":\"https:\/\/promothome.com\/financement\/#breadcrumb\"},\"inLanguage\":\"fr-FR\",\"potentialAction\":[{\"@type\":\"ReadAction\",\"target\":[\"https:\/\/promothome.com\/financement\/\"]}]},{\"@type\":\"ImageObject\",\"inLanguage\":\"fr-FR\",\"@id\":\"https:\/\/promothome.com\/financement\/#primaryimage\",\"url\":\"https:\/\/promothome.com\/financement\/wp-content\/uploads\/sites\/2\/2019\/10\/financement-promothome.jpg\",\"contentUrl\":\"https:\/\/promothome.com\/financement\/wp-content\/uploads\/sites\/2\/2019\/10\/financement-promothome.jpg\",\"width\":1920,\"height\":800},{\"@type\":\"BreadcrumbList\",\"@id\":\"https:\/\/promothome.com\/financement\/#breadcrumb\",\"itemListElement\":[{\"@type\":\"ListItem\",\"position\":1,\"name\":\"Accueil\",\"item\":\"https:\/\/promothome.com\/financement\/\"},{\"@type\":\"ListItem\",\"position\":2,\"name\":\"Financement\"}]},{\"@type\":\"WebSite\",\"@id\":\"https:\/\/promothome.com\/financement\/#website\",\"url\":\"https:\/\/promothome.com\/financement\/\",\"name\":\"PROMOTHOME - FINANCEMENT\",\"description\":\"Financez votre projet immobilier\",\"potentialAction\":[{\"@type\":\"SearchAction\",\"target\":{\"@type\":\"EntryPoint\",\"urlTemplate\":\"https:\/\/promothome.com\/financement\/?s={search_term_string}\"},\"query-input\":{\"@type\":\"PropertyValueSpecification\",\"valueRequired\":true,\"valueName\":\"search_term_string\"}}],\"inLanguage\":\"fr-FR\"}]}<\/script>\n<!-- \/ Yoast SEO plugin. -->","yoast_head_json":{"title":"PROMOTHOME Financement - Groupe immobilier digital","description":"Filiale du groupe d\u00e9di\u00e9e au courtage en pr\u00eats, Promothome Financement vous accompagne dans le montage et la n\u00e9gociation de votre financement aupr\u00e8s de l\u2019ensemble de ses partenaires.","robots":{"index":"index","follow":"follow","max-snippet":"max-snippet:-1","max-image-preview":"max-image-preview:large","max-video-preview":"max-video-preview:-1"},"canonical":"https:\/\/promothome.com\/financement\/","og_locale":"fr_FR","og_type":"article","og_title":"PROMOTHOME Financement - Groupe immobilier digital","og_description":"Filiale du groupe d\u00e9di\u00e9e au courtage en pr\u00eats, Promothome Financement vous accompagne dans le montage et la n\u00e9gociation de votre financement aupr\u00e8s de l\u2019ensemble de ses partenaires.","og_url":"https:\/\/promothome.com\/financement\/","og_site_name":"PROMOTHOME - FINANCEMENT","article_modified_time":"2020-02-03T21:44:49+00:00","og_image":[{"width":1920,"height":800,"url":"https:\/\/promothome.com\/financement\/wp-content\/uploads\/sites\/2\/2019\/10\/financement-promothome.jpg","type":"image\/jpeg"}],"twitter_card":"summary_large_image","twitter_misc":{"Dur\u00e9e de lecture estim\u00e9e":"2 minutes"},"schema":{"@context":"https:\/\/schema.org","@graph":[{"@type":"WebPage","@id":"https:\/\/promothome.com\/financement\/","url":"https:\/\/promothome.com\/financement\/","name":"PROMOTHOME Financement - Groupe immobilier digital","isPartOf":{"@id":"https:\/\/promothome.com\/financement\/#website"},"primaryImageOfPage":{"@id":"https:\/\/promothome.com\/financement\/#primaryimage"},"image":{"@id":"https:\/\/promothome.com\/financement\/#primaryimage"},"thumbnailUrl":"https:\/\/promothome.com\/financement\/wp-content\/uploads\/sites\/2\/2019\/10\/financement-promothome.jpg","datePublished":"2019-10-17T21:53:58+00:00","dateModified":"2020-02-03T21:44:49+00:00","description":"Filiale du groupe d\u00e9di\u00e9e au courtage en pr\u00eats, Promothome Financement vous accompagne dans le montage et la n\u00e9gociation de votre financement aupr\u00e8s de l\u2019ensemble de ses partenaires.","breadcrumb":{"@id":"https:\/\/promothome.com\/financement\/#breadcrumb"},"inLanguage":"fr-FR","potentialAction":[{"@type":"ReadAction","target":["https:\/\/promothome.com\/financement\/"]}]},{"@type":"ImageObject","inLanguage":"fr-FR","@id":"https:\/\/promothome.com\/financement\/#primaryimage","url":"https:\/\/promothome.com\/financement\/wp-content\/uploads\/sites\/2\/2019\/10\/financement-promothome.jpg","contentUrl":"https:\/\/promothome.com\/financement\/wp-content\/uploads\/sites\/2\/2019\/10\/financement-promothome.jpg","width":1920,"height":800},{"@type":"BreadcrumbList","@id":"https:\/\/promothome.com\/financement\/#breadcrumb","itemListElement":[{"@type":"ListItem","position":1,"name":"Accueil","item":"https:\/\/promothome.com\/financement\/"},{"@type":"ListItem","position":2,"name":"Financement"}]},{"@type":"WebSite","@id":"https:\/\/promothome.com\/financement\/#website","url":"https:\/\/promothome.com\/financement\/","name":"PROMOTHOME - FINANCEMENT","description":"Financez votre projet immobilier","potentialAction":[{"@type":"SearchAction","target":{"@type":"EntryPoint","urlTemplate":"https:\/\/promothome.com\/financement\/?s={search_term_string}"},"query-input":{"@type":"PropertyValueSpecification","valueRequired":true,"valueName":"search_term_string"}}],"inLanguage":"fr-FR"}]}},"_links":{"self":[{"href":"https:\/\/promothome.com\/financement\/wp-json\/wp\/v2\/pages\/13","targetHints":{"allow":["GET"]}}],"collection":[{"href":"https:\/\/promothome.com\/financement\/wp-json\/wp\/v2\/pages"}],"about":[{"href":"https:\/\/promothome.com\/financement\/wp-json\/wp\/v2\/types\/page"}],"author":[{"embeddable":true,"href":"https:\/\/promothome.com\/financement\/wp-json\/wp\/v2\/users\/1"}],"replies":[{"embeddable":true,"href":"https:\/\/promothome.com\/financement\/wp-json\/wp\/v2\/comments?post=13"}],"version-history":[{"count":18,"href":"https:\/\/promothome.com\/financement\/wp-json\/wp\/v2\/pages\/13\/revisions"}],"predecessor-version":[{"id":85,"href":"https:\/\/promothome.com\/financement\/wp-json\/wp\/v2\/pages\/13\/revisions\/85"}],"wp:featuredmedia":[{"embeddable":true,"href":"https:\/\/promothome.com\/financement\/wp-json\/wp\/v2\/media\/12"}],"wp:attachment":[{"href":"https:\/\/promothome.com\/financement\/wp-json\/wp\/v2\/media?parent=13"}],"curies":[{"name":"wp","href":"https:\/\/api.w.org\/{rel}","templated":true}]}}