{"id":589,"date":"2025-07-21T19:38:51","date_gmt":"2025-07-21T17:38:51","guid":{"rendered":"https:\/\/promothome.com\/financement\/?page_id=589"},"modified":"2025-07-24T17:00:22","modified_gmt":"2025-07-24T15:00:22","slug":"pret-consommation","status":"publish","type":"page","link":"https:\/\/promothome.com\/financement\/pret-consommation\/","title":{"rendered":"Pr\u00eat Consommation"},"content":{"rendered":"<div class=\"wpb-content-wrapper\"><p>[vc_row][vc_column][vc_column_text css=\u00a0\u00bb\u00a0\u00bb]Le <strong>pr\u00eat \u00e0 la consommation<\/strong> est une solution pratique pour financer vos projets personnels, qu\u2019il s\u2019agisse de <strong>travaux de r\u00e9novation<\/strong>, d&rsquo;un achat important ou de disposer d&rsquo;une <strong>r\u00e9serve d&rsquo;argent<\/strong> pour faire face \u00e0 des d\u00e9penses impr\u00e9vues. Une <strong>\u00e9tude pr\u00e9alable de votre dossier<\/strong> est n\u00e9cessaire pour d\u00e9terminer le montant, la dur\u00e9e et les conditions les plus adapt\u00e9es \u00e0 votre situation. Promothome Financement vous accompagne dans cette d\u00e9marche en analysant les offres de diff\u00e9rents \u00e9tablissements financiers pour vous garantir les meilleures conditions de financement \u00e0 des taux comp\u00e9titifs.[\/vc_column_text][vc_btn title=\u00a0\u00bbDEMANDER UN PR\u00caT\u00a0\u00bb style=\u00a0\u00bbflat\u00a0\u00bb shape=\u00a0\u00bbsquare\u00a0\u00bb color=\u00a0\u00bbblack\u00a0\u00bb size=\u00a0\u00bblg\u00a0\u00bb align=\u00a0\u00bbcenter\u00a0\u00bb css=\u00a0\u00bb\u00a0\u00bb link=\u00a0\u00bburl:https%3A%2F%2Fpromothome.com%2Ffinancement%2Fdemande-financement%2F\u00a0\u00bb][\/vc_column][\/vc_row]<\/p>\n<\/div>","protected":false},"excerpt":{"rendered":"<p>[vc_row][vc_column][vc_column_text css=\u00a0\u00bb\u00a0\u00bb]Le pr\u00eat \u00e0 la consommation est une solution pratique pour financer vos projets personnels, qu\u2019il s\u2019agisse de travaux de r\u00e9novation, d&rsquo;un achat important ou de disposer d&rsquo;une r\u00e9serve d&rsquo;argent pour faire face \u00e0 des d\u00e9penses impr\u00e9vues. Une \u00e9tude pr\u00e9alable de votre dossier est n\u00e9cessaire pour d\u00e9terminer le montant, la dur\u00e9e et les conditions les [&hellip;]<\/p>\n","protected":false},"author":1,"featured_media":0,"parent":0,"menu_order":0,"comment_status":"closed","ping_status":"closed","template":"","meta":{"footnotes":""},"class_list":["post-589","page","type-page","status-publish","hentry"],"yoast_head":"<!-- This site is optimized with the Yoast SEO plugin v24.5 - https:\/\/yoast.com\/wordpress\/plugins\/seo\/ -->\n<title>Pr\u00eat Consommation - PROMOTHOME - FINANCEMENT<\/title>\n<meta name=\"robots\" content=\"index, follow, max-snippet:-1, max-image-preview:large, max-video-preview:-1\" \/>\n<link rel=\"canonical\" href=\"https:\/\/promothome.com\/financement\/pret-consommation\/\" \/>\n<meta property=\"og:locale\" content=\"fr_FR\" \/>\n<meta property=\"og:type\" content=\"article\" \/>\n<meta property=\"og:title\" content=\"Pr\u00eat Consommation - PROMOTHOME - FINANCEMENT\" \/>\n<meta property=\"og:description\" content=\"[vc_row][vc_column][vc_column_text css=\u00a0\u00bb\u00a0\u00bb]Le pr\u00eat \u00e0 la consommation est une solution pratique pour financer vos projets personnels, qu\u2019il s\u2019agisse de travaux de r\u00e9novation, d&rsquo;un achat important ou de disposer d&rsquo;une r\u00e9serve d&rsquo;argent pour faire face \u00e0 des d\u00e9penses impr\u00e9vues. Une \u00e9tude pr\u00e9alable de votre dossier est n\u00e9cessaire pour d\u00e9terminer le montant, la dur\u00e9e et les conditions les [&hellip;]\" \/>\n<meta property=\"og:url\" content=\"https:\/\/promothome.com\/financement\/pret-consommation\/\" \/>\n<meta property=\"og:site_name\" content=\"PROMOTHOME - FINANCEMENT\" \/>\n<meta property=\"article:modified_time\" content=\"2025-07-24T15:00:22+00:00\" \/>\n<meta name=\"twitter:card\" content=\"summary_large_image\" \/>\n<meta name=\"twitter:label1\" content=\"Dur\u00e9e de lecture estim\u00e9e\" \/>\n\t<meta name=\"twitter:data1\" content=\"1 minute\" \/>\n<script type=\"application\/ld+json\" class=\"yoast-schema-graph\">{\"@context\":\"https:\/\/schema.org\",\"@graph\":[{\"@type\":\"WebPage\",\"@id\":\"https:\/\/promothome.com\/financement\/pret-consommation\/\",\"url\":\"https:\/\/promothome.com\/financement\/pret-consommation\/\",\"name\":\"Pr\u00eat Consommation - PROMOTHOME - FINANCEMENT\",\"isPartOf\":{\"@id\":\"https:\/\/promothome.com\/financement\/#website\"},\"datePublished\":\"2025-07-21T17:38:51+00:00\",\"dateModified\":\"2025-07-24T15:00:22+00:00\",\"breadcrumb\":{\"@id\":\"https:\/\/promothome.com\/financement\/pret-consommation\/#breadcrumb\"},\"inLanguage\":\"fr-FR\",\"potentialAction\":[{\"@type\":\"ReadAction\",\"target\":[\"https:\/\/promothome.com\/financement\/pret-consommation\/\"]}]},{\"@type\":\"BreadcrumbList\",\"@id\":\"https:\/\/promothome.com\/financement\/pret-consommation\/#breadcrumb\",\"itemListElement\":[{\"@type\":\"ListItem\",\"position\":1,\"name\":\"Accueil\",\"item\":\"https:\/\/promothome.com\/financement\/\"},{\"@type\":\"ListItem\",\"position\":2,\"name\":\"Pr\u00eat Consommation\"}]},{\"@type\":\"WebSite\",\"@id\":\"https:\/\/promothome.com\/financement\/#website\",\"url\":\"https:\/\/promothome.com\/financement\/\",\"name\":\"PROMOTHOME - FINANCEMENT\",\"description\":\"Financez votre projet immobilier\",\"potentialAction\":[{\"@type\":\"SearchAction\",\"target\":{\"@type\":\"EntryPoint\",\"urlTemplate\":\"https:\/\/promothome.com\/financement\/?s={search_term_string}\"},\"query-input\":{\"@type\":\"PropertyValueSpecification\",\"valueRequired\":true,\"valueName\":\"search_term_string\"}}],\"inLanguage\":\"fr-FR\"}]}<\/script>\n<!-- \/ Yoast SEO plugin. -->","yoast_head_json":{"title":"Pr\u00eat Consommation - PROMOTHOME - FINANCEMENT","robots":{"index":"index","follow":"follow","max-snippet":"max-snippet:-1","max-image-preview":"max-image-preview:large","max-video-preview":"max-video-preview:-1"},"canonical":"https:\/\/promothome.com\/financement\/pret-consommation\/","og_locale":"fr_FR","og_type":"article","og_title":"Pr\u00eat Consommation - PROMOTHOME - FINANCEMENT","og_description":"[vc_row][vc_column][vc_column_text css=\u00a0\u00bb\u00a0\u00bb]Le pr\u00eat \u00e0 la consommation est une solution pratique pour financer vos projets personnels, qu\u2019il s\u2019agisse de travaux de r\u00e9novation, d&rsquo;un achat important ou de disposer d&rsquo;une r\u00e9serve d&rsquo;argent pour faire face \u00e0 des d\u00e9penses impr\u00e9vues. Une \u00e9tude pr\u00e9alable de votre dossier est n\u00e9cessaire pour d\u00e9terminer le montant, la dur\u00e9e et les conditions les [&hellip;]","og_url":"https:\/\/promothome.com\/financement\/pret-consommation\/","og_site_name":"PROMOTHOME - FINANCEMENT","article_modified_time":"2025-07-24T15:00:22+00:00","twitter_card":"summary_large_image","twitter_misc":{"Dur\u00e9e de lecture estim\u00e9e":"1 minute"},"schema":{"@context":"https:\/\/schema.org","@graph":[{"@type":"WebPage","@id":"https:\/\/promothome.com\/financement\/pret-consommation\/","url":"https:\/\/promothome.com\/financement\/pret-consommation\/","name":"Pr\u00eat Consommation - PROMOTHOME - FINANCEMENT","isPartOf":{"@id":"https:\/\/promothome.com\/financement\/#website"},"datePublished":"2025-07-21T17:38:51+00:00","dateModified":"2025-07-24T15:00:22+00:00","breadcrumb":{"@id":"https:\/\/promothome.com\/financement\/pret-consommation\/#breadcrumb"},"inLanguage":"fr-FR","potentialAction":[{"@type":"ReadAction","target":["https:\/\/promothome.com\/financement\/pret-consommation\/"]}]},{"@type":"BreadcrumbList","@id":"https:\/\/promothome.com\/financement\/pret-consommation\/#breadcrumb","itemListElement":[{"@type":"ListItem","position":1,"name":"Accueil","item":"https:\/\/promothome.com\/financement\/"},{"@type":"ListItem","position":2,"name":"Pr\u00eat Consommation"}]},{"@type":"WebSite","@id":"https:\/\/promothome.com\/financement\/#website","url":"https:\/\/promothome.com\/financement\/","name":"PROMOTHOME - FINANCEMENT","description":"Financez votre projet immobilier","potentialAction":[{"@type":"SearchAction","target":{"@type":"EntryPoint","urlTemplate":"https:\/\/promothome.com\/financement\/?s={search_term_string}"},"query-input":{"@type":"PropertyValueSpecification","valueRequired":true,"valueName":"search_term_string"}}],"inLanguage":"fr-FR"}]}},"_links":{"self":[{"href":"https:\/\/promothome.com\/financement\/wp-json\/wp\/v2\/pages\/589","targetHints":{"allow":["GET"]}}],"collection":[{"href":"https:\/\/promothome.com\/financement\/wp-json\/wp\/v2\/pages"}],"about":[{"href":"https:\/\/promothome.com\/financement\/wp-json\/wp\/v2\/types\/page"}],"author":[{"embeddable":true,"href":"https:\/\/promothome.com\/financement\/wp-json\/wp\/v2\/users\/1"}],"replies":[{"embeddable":true,"href":"https:\/\/promothome.com\/financement\/wp-json\/wp\/v2\/comments?post=589"}],"version-history":[{"count":5,"href":"https:\/\/promothome.com\/financement\/wp-json\/wp\/v2\/pages\/589\/revisions"}],"predecessor-version":[{"id":607,"href":"https:\/\/promothome.com\/financement\/wp-json\/wp\/v2\/pages\/589\/revisions\/607"}],"wp:attachment":[{"href":"https:\/\/promothome.com\/financement\/wp-json\/wp\/v2\/media?parent=589"}],"curies":[{"name":"wp","href":"https:\/\/api.w.org\/{rel}","templated":true}]}}