{"id":610,"date":"2025-07-24T17:51:24","date_gmt":"2025-07-24T15:51:24","guid":{"rendered":"https:\/\/promothome.com\/financement\/?page_id=610"},"modified":"2025-07-24T17:58:58","modified_gmt":"2025-07-24T15:58:58","slug":"notre-filiale-financement","status":"publish","type":"page","link":"https:\/\/promothome.com\/financement\/notre-filiale-financement\/","title":{"rendered":"Notre filiale"},"content":{"rendered":"<div class=\"wpb-content-wrapper\"><p>[vc_row css=\u00a0\u00bb.vc_custom_1753372734895{margin-bottom: 100px !important;padding-right: 20px !important;padding-left: 20px !important;}\u00a0\u00bb][vc_column][vc_column_text css=\u00a0\u00bb\u00a0\u00bb]<strong>Promothome Financement<\/strong> est notre filiale sp\u00e9cialis\u00e9e dans le <strong>courtage en pr\u00eats<\/strong> et <strong>rachat de cr\u00e9dits<\/strong>, agr\u00e9\u00e9e COBSP (Conseiller en Op\u00e9rations de Banque et Services de Paiement) aupr\u00e8s de l\u2019Orias. Nous vous accompagnons dans vos projets de financement, que ce soit pour un <strong>cr\u00e9dit immobilier<\/strong>, un <strong>rachat de pr\u00eats<\/strong>, ou encore le financement de <strong>SCPI<\/strong> (Soci\u00e9t\u00e9s Civiles de Placement Immobilier) et des <strong>pr\u00eats hypoth\u00e9caires<\/strong>. Nos experts vous offrent des solutions sur mesure, adapt\u00e9es \u00e0 vos besoins financiers, tout en vous garantissant <strong>les meilleures conditions<\/strong> de financement disponibles sur le march\u00e9.[\/vc_column_text][\/vc_column][\/vc_row][vc_row][vc_column][vc_column_text css=\u00a0\u00bb\u00a0\u00bb]<\/p>\n<h2 style=\"text-align: center;\">Nos partenaires<\/h2>\n<p>[\/vc_column_text][vc_images_carousel images=\u00a0\u00bb617,612,613,614,615,616,618,619&Prime; img_size=\u00a0\u00bbfull\u00a0\u00bb onclick=\u00a0\u00bblink_no\u00a0\u00bb speed=\u00a0\u00bb1000&Prime; slides_per_view=\u00a0\u00bb5&Prime; autoplay=\u00a0\u00bbyes\u00a0\u00bb hide_pagination_control=\u00a0\u00bbyes\u00a0\u00bb hide_prev_next_buttons=\u00a0\u00bbyes\u00a0\u00bb wrap=\u00a0\u00bbyes\u00a0\u00bb css=\u00a0\u00bb\u00a0\u00bb][\/vc_column][\/vc_row]<\/p>\n<\/div>","protected":false},"excerpt":{"rendered":"<p>[vc_row css=\u00a0\u00bb.vc_custom_1753372734895{margin-bottom: 100px !important;padding-right: 20px !important;padding-left: 20px !important;}\u00a0\u00bb][vc_column][vc_column_text css=\u00a0\u00bb\u00a0\u00bb]Promothome Financement est notre filiale sp\u00e9cialis\u00e9e dans le courtage en pr\u00eats et rachat de cr\u00e9dits, agr\u00e9\u00e9e COBSP (Conseiller en Op\u00e9rations de Banque et Services de Paiement) aupr\u00e8s de l\u2019Orias. Nous vous accompagnons dans vos projets de financement, que ce soit pour un cr\u00e9dit immobilier, un rachat de [&hellip;]<\/p>\n","protected":false},"author":1,"featured_media":0,"parent":0,"menu_order":0,"comment_status":"closed","ping_status":"closed","template":"","meta":{"footnotes":""},"class_list":["post-610","page","type-page","status-publish","hentry"],"yoast_head":"<!-- This site is optimized with the Yoast SEO plugin v24.5 - https:\/\/yoast.com\/wordpress\/plugins\/seo\/ -->\n<title>Notre filiale - PROMOTHOME - FINANCEMENT<\/title>\n<meta name=\"robots\" content=\"index, follow, max-snippet:-1, max-image-preview:large, max-video-preview:-1\" \/>\n<link rel=\"canonical\" href=\"https:\/\/promothome.com\/financement\/notre-filiale-financement\/\" \/>\n<meta property=\"og:locale\" content=\"fr_FR\" \/>\n<meta property=\"og:type\" content=\"article\" \/>\n<meta property=\"og:title\" content=\"Notre filiale - PROMOTHOME - FINANCEMENT\" \/>\n<meta property=\"og:description\" content=\"[vc_row css=\u00a0\u00bb.vc_custom_1753372734895{margin-bottom: 100px !important;padding-right: 20px !important;padding-left: 20px !important;}\u00a0\u00bb][vc_column][vc_column_text css=\u00a0\u00bb\u00a0\u00bb]Promothome Financement est notre filiale sp\u00e9cialis\u00e9e dans le courtage en pr\u00eats et rachat de cr\u00e9dits, agr\u00e9\u00e9e COBSP (Conseiller en Op\u00e9rations de Banque et Services de Paiement) aupr\u00e8s de l\u2019Orias. Nous vous accompagnons dans vos projets de financement, que ce soit pour un cr\u00e9dit immobilier, un rachat de [&hellip;]\" \/>\n<meta property=\"og:url\" content=\"https:\/\/promothome.com\/financement\/notre-filiale-financement\/\" \/>\n<meta property=\"og:site_name\" content=\"PROMOTHOME - FINANCEMENT\" \/>\n<meta property=\"article:modified_time\" content=\"2025-07-24T15:58:58+00:00\" \/>\n<meta name=\"twitter:card\" content=\"summary_large_image\" \/>\n<meta name=\"twitter:label1\" content=\"Dur\u00e9e de lecture estim\u00e9e\" \/>\n\t<meta name=\"twitter:data1\" content=\"1 minute\" \/>\n<script type=\"application\/ld+json\" class=\"yoast-schema-graph\">{\"@context\":\"https:\/\/schema.org\",\"@graph\":[{\"@type\":\"WebPage\",\"@id\":\"https:\/\/promothome.com\/financement\/notre-filiale-financement\/\",\"url\":\"https:\/\/promothome.com\/financement\/notre-filiale-financement\/\",\"name\":\"Notre filiale - PROMOTHOME - FINANCEMENT\",\"isPartOf\":{\"@id\":\"https:\/\/promothome.com\/financement\/#website\"},\"datePublished\":\"2025-07-24T15:51:24+00:00\",\"dateModified\":\"2025-07-24T15:58:58+00:00\",\"breadcrumb\":{\"@id\":\"https:\/\/promothome.com\/financement\/notre-filiale-financement\/#breadcrumb\"},\"inLanguage\":\"fr-FR\",\"potentialAction\":[{\"@type\":\"ReadAction\",\"target\":[\"https:\/\/promothome.com\/financement\/notre-filiale-financement\/\"]}]},{\"@type\":\"BreadcrumbList\",\"@id\":\"https:\/\/promothome.com\/financement\/notre-filiale-financement\/#breadcrumb\",\"itemListElement\":[{\"@type\":\"ListItem\",\"position\":1,\"name\":\"Accueil\",\"item\":\"https:\/\/promothome.com\/financement\/\"},{\"@type\":\"ListItem\",\"position\":2,\"name\":\"Notre filiale\"}]},{\"@type\":\"WebSite\",\"@id\":\"https:\/\/promothome.com\/financement\/#website\",\"url\":\"https:\/\/promothome.com\/financement\/\",\"name\":\"PROMOTHOME - FINANCEMENT\",\"description\":\"Financez votre projet immobilier\",\"potentialAction\":[{\"@type\":\"SearchAction\",\"target\":{\"@type\":\"EntryPoint\",\"urlTemplate\":\"https:\/\/promothome.com\/financement\/?s={search_term_string}\"},\"query-input\":{\"@type\":\"PropertyValueSpecification\",\"valueRequired\":true,\"valueName\":\"search_term_string\"}}],\"inLanguage\":\"fr-FR\"}]}<\/script>\n<!-- \/ Yoast SEO plugin. -->","yoast_head_json":{"title":"Notre filiale - PROMOTHOME - FINANCEMENT","robots":{"index":"index","follow":"follow","max-snippet":"max-snippet:-1","max-image-preview":"max-image-preview:large","max-video-preview":"max-video-preview:-1"},"canonical":"https:\/\/promothome.com\/financement\/notre-filiale-financement\/","og_locale":"fr_FR","og_type":"article","og_title":"Notre filiale - PROMOTHOME - FINANCEMENT","og_description":"[vc_row css=\u00a0\u00bb.vc_custom_1753372734895{margin-bottom: 100px !important;padding-right: 20px !important;padding-left: 20px !important;}\u00a0\u00bb][vc_column][vc_column_text css=\u00a0\u00bb\u00a0\u00bb]Promothome Financement est notre filiale sp\u00e9cialis\u00e9e dans le courtage en pr\u00eats et rachat de cr\u00e9dits, agr\u00e9\u00e9e COBSP (Conseiller en Op\u00e9rations de Banque et Services de Paiement) aupr\u00e8s de l\u2019Orias. Nous vous accompagnons dans vos projets de financement, que ce soit pour un cr\u00e9dit immobilier, un rachat de [&hellip;]","og_url":"https:\/\/promothome.com\/financement\/notre-filiale-financement\/","og_site_name":"PROMOTHOME - FINANCEMENT","article_modified_time":"2025-07-24T15:58:58+00:00","twitter_card":"summary_large_image","twitter_misc":{"Dur\u00e9e de lecture estim\u00e9e":"1 minute"},"schema":{"@context":"https:\/\/schema.org","@graph":[{"@type":"WebPage","@id":"https:\/\/promothome.com\/financement\/notre-filiale-financement\/","url":"https:\/\/promothome.com\/financement\/notre-filiale-financement\/","name":"Notre filiale - PROMOTHOME - FINANCEMENT","isPartOf":{"@id":"https:\/\/promothome.com\/financement\/#website"},"datePublished":"2025-07-24T15:51:24+00:00","dateModified":"2025-07-24T15:58:58+00:00","breadcrumb":{"@id":"https:\/\/promothome.com\/financement\/notre-filiale-financement\/#breadcrumb"},"inLanguage":"fr-FR","potentialAction":[{"@type":"ReadAction","target":["https:\/\/promothome.com\/financement\/notre-filiale-financement\/"]}]},{"@type":"BreadcrumbList","@id":"https:\/\/promothome.com\/financement\/notre-filiale-financement\/#breadcrumb","itemListElement":[{"@type":"ListItem","position":1,"name":"Accueil","item":"https:\/\/promothome.com\/financement\/"},{"@type":"ListItem","position":2,"name":"Notre filiale"}]},{"@type":"WebSite","@id":"https:\/\/promothome.com\/financement\/#website","url":"https:\/\/promothome.com\/financement\/","name":"PROMOTHOME - FINANCEMENT","description":"Financez votre projet immobilier","potentialAction":[{"@type":"SearchAction","target":{"@type":"EntryPoint","urlTemplate":"https:\/\/promothome.com\/financement\/?s={search_term_string}"},"query-input":{"@type":"PropertyValueSpecification","valueRequired":true,"valueName":"search_term_string"}}],"inLanguage":"fr-FR"}]}},"_links":{"self":[{"href":"https:\/\/promothome.com\/financement\/wp-json\/wp\/v2\/pages\/610","targetHints":{"allow":["GET"]}}],"collection":[{"href":"https:\/\/promothome.com\/financement\/wp-json\/wp\/v2\/pages"}],"about":[{"href":"https:\/\/promothome.com\/financement\/wp-json\/wp\/v2\/types\/page"}],"author":[{"embeddable":true,"href":"https:\/\/promothome.com\/financement\/wp-json\/wp\/v2\/users\/1"}],"replies":[{"embeddable":true,"href":"https:\/\/promothome.com\/financement\/wp-json\/wp\/v2\/comments?post=610"}],"version-history":[{"count":3,"href":"https:\/\/promothome.com\/financement\/wp-json\/wp\/v2\/pages\/610\/revisions"}],"predecessor-version":[{"id":621,"href":"https:\/\/promothome.com\/financement\/wp-json\/wp\/v2\/pages\/610\/revisions\/621"}],"wp:attachment":[{"href":"https:\/\/promothome.com\/financement\/wp-json\/wp\/v2\/media?parent=610"}],"curies":[{"name":"wp","href":"https:\/\/api.w.org\/{rel}","templated":true}]}}