{"id":12,"date":"2025-07-24T23:52:08","date_gmt":"2025-07-24T21:52:08","guid":{"rendered":"https:\/\/promothome.com\/gestion-locative\/?page_id=12"},"modified":"2025-07-24T23:52:19","modified_gmt":"2025-07-24T21:52:19","slug":"mandat","status":"publish","type":"page","link":"https:\/\/promothome.com\/gestion-locative\/mandat\/","title":{"rendered":"Notre mandat"},"content":{"rendered":"<div class=\"wpb-content-wrapper\"><p>[vc_row][vc_column][vc_column_text css=\u00a0\u00bb\u00a0\u00bb]Avec notre<strong> mandat de gestion locative<\/strong>, vous b\u00e9n\u00e9ficiez d&rsquo;un accompagnement complet et sans souci pour la gestion de vos biens immobiliers. Nous utilisons des <strong>outils technologiques de pointe<\/strong> pour simplifier chaque \u00e9tape : <strong>\u00e9tats des lieux digitaux<\/strong> instantan\u00e9s et horodat\u00e9s, <strong>visites virtuelles<\/strong> pour attirer davantage de locataires et faciliter la gestion \u00e0 distance. Gr\u00e2ce \u00e0 ces solutions, nous vous garantissons une gestion rapide, transparente et s\u00e9curis\u00e9e de vos biens, tout en vous offrant un suivi en temps r\u00e9el. Confiez votre bien \u00e0 <strong>Promothome Gestion Locative<\/strong> et optimisez vos revenus locatifs sans tracas.[\/vc_column_text][\/vc_column][\/vc_row]<\/p>\n<\/div>","protected":false},"excerpt":{"rendered":"<p>[vc_row][vc_column][vc_column_text css=\u00a0\u00bb\u00a0\u00bb]Avec notre mandat de gestion locative, vous b\u00e9n\u00e9ficiez d&rsquo;un accompagnement complet et sans souci pour la gestion de vos biens immobiliers. Nous utilisons des outils technologiques de pointe pour simplifier chaque \u00e9tape : \u00e9tats des lieux digitaux instantan\u00e9s et horodat\u00e9s, visites virtuelles pour attirer davantage de locataires et faciliter la gestion \u00e0 distance. Gr\u00e2ce [&hellip;]<\/p>\n","protected":false},"author":1,"featured_media":0,"parent":0,"menu_order":0,"comment_status":"closed","ping_status":"closed","template":"","meta":{"footnotes":""},"class_list":["post-12","page","type-page","status-publish","hentry"],"yoast_head":"<!-- This site is optimized with the Yoast SEO plugin v24.5 - https:\/\/yoast.com\/wordpress\/plugins\/seo\/ -->\n<title>Notre mandat - PROMOTHOME - Gestion Locative<\/title>\n<meta name=\"robots\" content=\"index, follow, max-snippet:-1, max-image-preview:large, max-video-preview:-1\" \/>\n<link rel=\"canonical\" href=\"https:\/\/promothome.com\/gestion-locative\/mandat\/\" \/>\n<meta property=\"og:locale\" content=\"fr_FR\" \/>\n<meta property=\"og:type\" content=\"article\" \/>\n<meta property=\"og:title\" content=\"Notre mandat - PROMOTHOME - Gestion Locative\" \/>\n<meta property=\"og:description\" content=\"[vc_row][vc_column][vc_column_text css=\u00a0\u00bb\u00a0\u00bb]Avec notre mandat de gestion locative, vous b\u00e9n\u00e9ficiez d&rsquo;un accompagnement complet et sans souci pour la gestion de vos biens immobiliers. Nous utilisons des outils technologiques de pointe pour simplifier chaque \u00e9tape : \u00e9tats des lieux digitaux instantan\u00e9s et horodat\u00e9s, visites virtuelles pour attirer davantage de locataires et faciliter la gestion \u00e0 distance. Gr\u00e2ce [&hellip;]\" \/>\n<meta property=\"og:url\" content=\"https:\/\/promothome.com\/gestion-locative\/mandat\/\" \/>\n<meta property=\"og:site_name\" content=\"PROMOTHOME - Gestion Locative\" \/>\n<meta property=\"article:modified_time\" content=\"2025-07-24T21:52:19+00:00\" \/>\n<meta name=\"twitter:card\" content=\"summary_large_image\" \/>\n<meta name=\"twitter:label1\" content=\"Dur\u00e9e de lecture estim\u00e9e\" \/>\n\t<meta name=\"twitter:data1\" content=\"1 minute\" \/>\n<script type=\"application\/ld+json\" class=\"yoast-schema-graph\">{\"@context\":\"https:\/\/schema.org\",\"@graph\":[{\"@type\":\"WebPage\",\"@id\":\"https:\/\/promothome.com\/gestion-locative\/mandat\/\",\"url\":\"https:\/\/promothome.com\/gestion-locative\/mandat\/\",\"name\":\"Notre mandat - PROMOTHOME - Gestion Locative\",\"isPartOf\":{\"@id\":\"https:\/\/promothome.com\/gestion-locative\/#website\"},\"datePublished\":\"2025-07-24T21:52:08+00:00\",\"dateModified\":\"2025-07-24T21:52:19+00:00\",\"breadcrumb\":{\"@id\":\"https:\/\/promothome.com\/gestion-locative\/mandat\/#breadcrumb\"},\"inLanguage\":\"fr-FR\",\"potentialAction\":[{\"@type\":\"ReadAction\",\"target\":[\"https:\/\/promothome.com\/gestion-locative\/mandat\/\"]}]},{\"@type\":\"BreadcrumbList\",\"@id\":\"https:\/\/promothome.com\/gestion-locative\/mandat\/#breadcrumb\",\"itemListElement\":[{\"@type\":\"ListItem\",\"position\":1,\"name\":\"Accueil\",\"item\":\"https:\/\/promothome.com\/gestion-locative\/\"},{\"@type\":\"ListItem\",\"position\":2,\"name\":\"Notre mandat\"}]},{\"@type\":\"WebSite\",\"@id\":\"https:\/\/promothome.com\/gestion-locative\/#website\",\"url\":\"https:\/\/promothome.com\/gestion-locative\/\",\"name\":\"PROMOTHOME - Gestion Locative\",\"description\":\"\",\"publisher\":{\"@id\":\"https:\/\/promothome.com\/gestion-locative\/#organization\"},\"potentialAction\":[{\"@type\":\"SearchAction\",\"target\":{\"@type\":\"EntryPoint\",\"urlTemplate\":\"https:\/\/promothome.com\/gestion-locative\/?s={search_term_string}\"},\"query-input\":{\"@type\":\"PropertyValueSpecification\",\"valueRequired\":true,\"valueName\":\"search_term_string\"}}],\"inLanguage\":\"fr-FR\"},{\"@type\":\"Organization\",\"@id\":\"https:\/\/promothome.com\/gestion-locative\/#organization\",\"name\":\"PROMOTHOME\",\"url\":\"https:\/\/promothome.com\/gestion-locative\/\",\"logo\":{\"@type\":\"ImageObject\",\"inLanguage\":\"fr-FR\",\"@id\":\"https:\/\/promothome.com\/gestion-locative\/#\/schema\/logo\/image\/\",\"url\":\"https:\/\/promothome.com\/wp-content\/uploads\/2019\/09\/promothome-logo-site-dark-web.png\",\"contentUrl\":\"https:\/\/promothome.com\/wp-content\/uploads\/2019\/09\/promothome-logo-site-dark-web.png\",\"width\":800,\"height\":163,\"caption\":\"PROMOTHOME\"},\"image\":{\"@id\":\"https:\/\/promothome.com\/gestion-locative\/#\/schema\/logo\/image\/\"}}]}<\/script>\n<!-- \/ Yoast SEO plugin. -->","yoast_head_json":{"title":"Notre mandat - PROMOTHOME - Gestion Locative","robots":{"index":"index","follow":"follow","max-snippet":"max-snippet:-1","max-image-preview":"max-image-preview:large","max-video-preview":"max-video-preview:-1"},"canonical":"https:\/\/promothome.com\/gestion-locative\/mandat\/","og_locale":"fr_FR","og_type":"article","og_title":"Notre mandat - PROMOTHOME - Gestion Locative","og_description":"[vc_row][vc_column][vc_column_text css=\u00a0\u00bb\u00a0\u00bb]Avec notre mandat de gestion locative, vous b\u00e9n\u00e9ficiez d&rsquo;un accompagnement complet et sans souci pour la gestion de vos biens immobiliers. Nous utilisons des outils technologiques de pointe pour simplifier chaque \u00e9tape : \u00e9tats des lieux digitaux instantan\u00e9s et horodat\u00e9s, visites virtuelles pour attirer davantage de locataires et faciliter la gestion \u00e0 distance. Gr\u00e2ce [&hellip;]","og_url":"https:\/\/promothome.com\/gestion-locative\/mandat\/","og_site_name":"PROMOTHOME - Gestion Locative","article_modified_time":"2025-07-24T21:52:19+00:00","twitter_card":"summary_large_image","twitter_misc":{"Dur\u00e9e de lecture estim\u00e9e":"1 minute"},"schema":{"@context":"https:\/\/schema.org","@graph":[{"@type":"WebPage","@id":"https:\/\/promothome.com\/gestion-locative\/mandat\/","url":"https:\/\/promothome.com\/gestion-locative\/mandat\/","name":"Notre mandat - PROMOTHOME - Gestion Locative","isPartOf":{"@id":"https:\/\/promothome.com\/gestion-locative\/#website"},"datePublished":"2025-07-24T21:52:08+00:00","dateModified":"2025-07-24T21:52:19+00:00","breadcrumb":{"@id":"https:\/\/promothome.com\/gestion-locative\/mandat\/#breadcrumb"},"inLanguage":"fr-FR","potentialAction":[{"@type":"ReadAction","target":["https:\/\/promothome.com\/gestion-locative\/mandat\/"]}]},{"@type":"BreadcrumbList","@id":"https:\/\/promothome.com\/gestion-locative\/mandat\/#breadcrumb","itemListElement":[{"@type":"ListItem","position":1,"name":"Accueil","item":"https:\/\/promothome.com\/gestion-locative\/"},{"@type":"ListItem","position":2,"name":"Notre mandat"}]},{"@type":"WebSite","@id":"https:\/\/promothome.com\/gestion-locative\/#website","url":"https:\/\/promothome.com\/gestion-locative\/","name":"PROMOTHOME - Gestion Locative","description":"","publisher":{"@id":"https:\/\/promothome.com\/gestion-locative\/#organization"},"potentialAction":[{"@type":"SearchAction","target":{"@type":"EntryPoint","urlTemplate":"https:\/\/promothome.com\/gestion-locative\/?s={search_term_string}"},"query-input":{"@type":"PropertyValueSpecification","valueRequired":true,"valueName":"search_term_string"}}],"inLanguage":"fr-FR"},{"@type":"Organization","@id":"https:\/\/promothome.com\/gestion-locative\/#organization","name":"PROMOTHOME","url":"https:\/\/promothome.com\/gestion-locative\/","logo":{"@type":"ImageObject","inLanguage":"fr-FR","@id":"https:\/\/promothome.com\/gestion-locative\/#\/schema\/logo\/image\/","url":"https:\/\/promothome.com\/wp-content\/uploads\/2019\/09\/promothome-logo-site-dark-web.png","contentUrl":"https:\/\/promothome.com\/wp-content\/uploads\/2019\/09\/promothome-logo-site-dark-web.png","width":800,"height":163,"caption":"PROMOTHOME"},"image":{"@id":"https:\/\/promothome.com\/gestion-locative\/#\/schema\/logo\/image\/"}}]}},"_links":{"self":[{"href":"https:\/\/promothome.com\/gestion-locative\/wp-json\/wp\/v2\/pages\/12","targetHints":{"allow":["GET"]}}],"collection":[{"href":"https:\/\/promothome.com\/gestion-locative\/wp-json\/wp\/v2\/pages"}],"about":[{"href":"https:\/\/promothome.com\/gestion-locative\/wp-json\/wp\/v2\/types\/page"}],"author":[{"embeddable":true,"href":"https:\/\/promothome.com\/gestion-locative\/wp-json\/wp\/v2\/users\/1"}],"replies":[{"embeddable":true,"href":"https:\/\/promothome.com\/gestion-locative\/wp-json\/wp\/v2\/comments?post=12"}],"version-history":[{"count":1,"href":"https:\/\/promothome.com\/gestion-locative\/wp-json\/wp\/v2\/pages\/12\/revisions"}],"predecessor-version":[{"id":13,"href":"https:\/\/promothome.com\/gestion-locative\/wp-json\/wp\/v2\/pages\/12\/revisions\/13"}],"wp:attachment":[{"href":"https:\/\/promothome.com\/gestion-locative\/wp-json\/wp\/v2\/media?parent=12"}],"curies":[{"name":"wp","href":"https:\/\/api.w.org\/{rel}","templated":true}]}}