{"id":18,"date":"2025-07-25T03:15:15","date_gmt":"2025-07-25T01:15:15","guid":{"rendered":"https:\/\/promothome.com\/gestion-locative\/?page_id=18"},"modified":"2025-07-28T20:51:08","modified_gmt":"2025-07-28T18:51:08","slug":"la-gestion-locative","status":"publish","type":"page","link":"https:\/\/promothome.com\/gestion-locative\/","title":{"rendered":"La gestion locative"},"content":{"rendered":"<div class=\"wpb-content-wrapper\"><p>[vc_row][vc_column][vc_column_text css=\u00a0\u00bb.vc_custom_1753728664409{padding-right: 20px !important;padding-left: 20px !important;}\u00a0\u00bb]Promothome Gestion Locative est notre filiale d\u00e9di\u00e9e \u00e0 la gestion et \u00e0 la mise en location de biens immobiliers, qu&rsquo;ils soient neufs ou anciens. Nous vous accompagnons dans toutes les \u00e9tapes de la gestion locative, de la recherche de locataires \u00e0 la gestion des contrats, en passant par la gestion des paiements et des \u00e9ventuels litiges. Partenaire de la premi\u00e8re plateforme digitale de location, OQORO, nous optimisons la visibilit\u00e9 de vos biens et vous assurons une gestion simplifi\u00e9e et efficace. Nous intervenons sur l&rsquo;ensemble du territoire fran\u00e7ais pour vous offrir un service de qualit\u00e9, o\u00f9 que vous soyez.[\/vc_column_text][vc_raw_html css=\u00a0\u00bb\u00a0\u00bb]JTNDZGl2JTIwY2xhc3MlM0QlMjJjb2wteHMtMTIlMjBjb2wtc20tb2Zmc2V0LTMlMjBjb2wtc20tNiUyMHRleHQtY2VudGVyJTIyJTNFJTBBJTIwJTIwJTIwJTIwJTNDaDIlM0VOT1MlMjBWQUxFVVJTJTNDc3BhbiUyMGNsYXNzJTNEJTIyc3BlY2lhbC1jb2xvciUyMiUzRS4lM0MlMkZzcGFuJTNFJTNDJTJGaDIlM0UlMEElM0MlMkZkaXYlM0UlMEElM0NkaXYlMjBjbGFzcyUzRCUyMmNvbC14cy04JTIwY29sLXhzLW9mZnNldC0yJTIwY29sLXNtLW9mZnNldC00JTIwY29sLXNtLTQlMjIlM0UlMEElMjAlMjAlMjAlMjAlM0NkaXYlMjBjbGFzcyUzRCUyMnRpdGxlLXNlcGFyYXRvci1wcmltYXJ5MiUyMiUzRSUzQyUyRmRpdiUzRSUwQSUzQyUyRmRpdiUzRQ==[\/vc_raw_html][\/vc_column][\/vc_row][vc_row full_width=\u00a0\u00bbstretch_row\u00a0\u00bb el_class=\u00a0\u00bbassurances\u00a0\u00bb][vc_column][vc_row_inner][vc_column_inner width=\u00a0\u00bb1\/3&Prime;][vc_cta h2=\u00a0\u00bb\u00a0\u00bb txt_align=\u00a0\u00bbcenter\u00a0\u00bb shape=\u00a0\u00bbsquare\u00a0\u00bb style=\u00a0\u00bbflat\u00a0\u00bb el_width=\u00a0\u00bblg\u00a0\u00bb add_icon=\u00a0\u00bbtop\u00a0\u00bb i_icon_fontawesome=\u00a0\u00bbfas fa-user-graduate\u00a0\u00bb i_size=\u00a0\u00bblg\u00a0\u00bb css=\u00a0\u00bb\u00a0\u00bb i_on_border=\u00a0\u00bbtrue\u00a0\u00bb]<\/p>\n<h3 style=\"text-align: center;\">Expertise<\/h3>\n<p style=\"text-align: center;\">Notre savoir-faire repose sur une maitrise globale de la gestion de patrimoine depuis pr\u00e8s de 20 ans.<\/p>\n<p>[\/vc_cta][\/vc_column_inner][vc_column_inner width=\u00a0\u00bb1\/3&Prime;][vc_cta h2=\u00a0\u00bb\u00a0\u00bb txt_align=\u00a0\u00bbcenter\u00a0\u00bb shape=\u00a0\u00bbsquare\u00a0\u00bb style=\u00a0\u00bbflat\u00a0\u00bb el_width=\u00a0\u00bblg\u00a0\u00bb add_icon=\u00a0\u00bbtop\u00a0\u00bb i_icon_fontawesome=\u00a0\u00bbfas fa-sync-alt\u00a0\u00bb i_size=\u00a0\u00bblg\u00a0\u00bb css=\u00a0\u00bb\u00a0\u00bb i_on_border=\u00a0\u00bbtrue\u00a0\u00bb]<\/p>\n<h3 style=\"text-align: center;\">Agilit\u00e9<\/h3>\n<p style=\"text-align: center;\">Dans un environnement en constante \u00e9volution, nous adaptons rapidement nos conseils, strat\u00e9gies et nos outils<\/p>\n<p>[\/vc_cta][\/vc_column_inner][vc_column_inner width=\u00a0\u00bb1\/3&Prime;][vc_cta h2=\u00a0\u00bb\u00a0\u00bb txt_align=\u00a0\u00bbcenter\u00a0\u00bb shape=\u00a0\u00bbsquare\u00a0\u00bb style=\u00a0\u00bbflat\u00a0\u00bb el_width=\u00a0\u00bblg\u00a0\u00bb add_icon=\u00a0\u00bbtop\u00a0\u00bb i_icon_fontawesome=\u00a0\u00bbfas fa-sliders-h\u00a0\u00bb i_size=\u00a0\u00bblg\u00a0\u00bb css=\u00a0\u00bb\u00a0\u00bb i_on_border=\u00a0\u00bbtrue\u00a0\u00bb]<\/p>\n<h3 style=\"text-align: center;\">Simplicit\u00e9<\/h3>\n<p style=\"text-align: center;\">Des conseils et services simples, pour tous nos clients<\/p>\n<p>[\/vc_cta][\/vc_column_inner][\/vc_row_inner][vc_row_inner][vc_column_inner width=\u00a0\u00bb1\/3&Prime;][vc_cta h2=\u00a0\u00bb\u00a0\u00bb txt_align=\u00a0\u00bbcenter\u00a0\u00bb shape=\u00a0\u00bbsquare\u00a0\u00bb style=\u00a0\u00bbflat\u00a0\u00bb el_width=\u00a0\u00bblg\u00a0\u00bb add_icon=\u00a0\u00bbtop\u00a0\u00bb i_icon_fontawesome=\u00a0\u00bbfas fa-unlock-alt\u00a0\u00bb i_size=\u00a0\u00bblg\u00a0\u00bb css=\u00a0\u00bb\u00a0\u00bb i_on_border=\u00a0\u00bbtrue\u00a0\u00bb]<\/p>\n<h3 style=\"text-align: center;\">Ind\u00e9pendance<\/h3>\n<p style=\"text-align: center;\">100 % ind\u00e9pendant. Nous s\u00e9lectionnons librement les meilleures offres du march\u00e9<\/p>\n<p>[\/vc_cta][\/vc_column_inner][vc_column_inner width=\u00a0\u00bb1\/3&Prime;][vc_cta h2=\u00a0\u00bb\u00a0\u00bb txt_align=\u00a0\u00bbcenter\u00a0\u00bb shape=\u00a0\u00bbsquare\u00a0\u00bb style=\u00a0\u00bbflat\u00a0\u00bb el_width=\u00a0\u00bblg\u00a0\u00bb add_icon=\u00a0\u00bbtop\u00a0\u00bb i_icon_fontawesome=\u00a0\u00bbfas fa-handshake\u00a0\u00bb i_size=\u00a0\u00bblg\u00a0\u00bb css=\u00a0\u00bb\u00a0\u00bb i_on_border=\u00a0\u00bbtrue\u00a0\u00bb]<\/p>\n<h3 style=\"text-align: center;\">Proximit\u00e9<\/h3>\n<p style=\"text-align: center;\">Entretenir une relation de proximit\u00e9 durable avec nos clients est notre mantra<\/p>\n<p>[\/vc_cta][\/vc_column_inner][vc_column_inner width=\u00a0\u00bb1\/3&Prime;][vc_cta h2=\u00a0\u00bb\u00a0\u00bb txt_align=\u00a0\u00bbcenter\u00a0\u00bb shape=\u00a0\u00bbsquare\u00a0\u00bb style=\u00a0\u00bbflat\u00a0\u00bb el_width=\u00a0\u00bblg\u00a0\u00bb add_icon=\u00a0\u00bbtop\u00a0\u00bb i_icon_fontawesome=\u00a0\u00bbfas fa-lightbulb\u00a0\u00bb i_size=\u00a0\u00bblg\u00a0\u00bb css=\u00a0\u00bb\u00a0\u00bb i_on_border=\u00a0\u00bbtrue\u00a0\u00bb]<\/p>\n<h3 style=\"text-align: center;\">Innovant<\/h3>\n<p style=\"text-align: center;\">Des solutions d\u2019investissements et d\u2019accompagnement s innovantes au service de nos clients<\/p>\n<p>[\/vc_cta][\/vc_column_inner][\/vc_row_inner][\/vc_column][\/vc_row]<\/p>\n<\/div>","protected":false},"excerpt":{"rendered":"<p>[vc_row][vc_column][vc_column_text css=\u00a0\u00bb.vc_custom_1753728664409{padding-right: 20px !important;padding-left: 20px !important;}\u00a0\u00bb]Promothome Gestion Locative est notre filiale d\u00e9di\u00e9e \u00e0 la gestion et \u00e0 la mise en location de biens immobiliers, qu&rsquo;ils soient neufs ou anciens. Nous vous accompagnons dans toutes les \u00e9tapes de la gestion locative, de la recherche de locataires \u00e0 la gestion des contrats, en passant par la gestion [&hellip;]<\/p>\n","protected":false},"author":1,"featured_media":0,"parent":0,"menu_order":0,"comment_status":"closed","ping_status":"closed","template":"","meta":{"footnotes":""},"class_list":["post-18","page","type-page","status-publish","hentry"],"yoast_head":"<!-- This site is optimized with the Yoast SEO plugin v24.5 - https:\/\/yoast.com\/wordpress\/plugins\/seo\/ -->\n<title>La gestion locative - PROMOTHOME - Gestion Locative<\/title>\n<meta name=\"robots\" content=\"index, follow, max-snippet:-1, max-image-preview:large, max-video-preview:-1\" \/>\n<link rel=\"canonical\" href=\"https:\/\/promothome.com\/gestion-locative\/\" \/>\n<meta property=\"og:locale\" content=\"fr_FR\" \/>\n<meta property=\"og:type\" content=\"article\" \/>\n<meta property=\"og:title\" content=\"La gestion locative - PROMOTHOME - Gestion Locative\" \/>\n<meta property=\"og:description\" content=\"[vc_row][vc_column][vc_column_text css=\u00a0\u00bb.vc_custom_1753728664409{padding-right: 20px !important;padding-left: 20px !important;}\u00a0\u00bb]Promothome Gestion Locative est notre filiale d\u00e9di\u00e9e \u00e0 la gestion et \u00e0 la mise en location de biens immobiliers, qu&rsquo;ils soient neufs ou anciens. Nous vous accompagnons dans toutes les \u00e9tapes de la gestion locative, de la recherche de locataires \u00e0 la gestion des contrats, en passant par la gestion [&hellip;]\" \/>\n<meta property=\"og:url\" content=\"https:\/\/promothome.com\/gestion-locative\/\" \/>\n<meta property=\"og:site_name\" content=\"PROMOTHOME - Gestion Locative\" \/>\n<meta property=\"article:modified_time\" content=\"2025-07-28T18:51:08+00:00\" \/>\n<meta name=\"twitter:card\" content=\"summary_large_image\" \/>\n<meta name=\"twitter:label1\" content=\"Dur\u00e9e de lecture estim\u00e9e\" \/>\n\t<meta name=\"twitter:data1\" content=\"2 minutes\" \/>\n<script type=\"application\/ld+json\" class=\"yoast-schema-graph\">{\"@context\":\"https:\/\/schema.org\",\"@graph\":[{\"@type\":\"WebPage\",\"@id\":\"https:\/\/promothome.com\/gestion-locative\/\",\"url\":\"https:\/\/promothome.com\/gestion-locative\/\",\"name\":\"La gestion locative - PROMOTHOME - Gestion Locative\",\"isPartOf\":{\"@id\":\"https:\/\/promothome.com\/gestion-locative\/#website\"},\"datePublished\":\"2025-07-25T01:15:15+00:00\",\"dateModified\":\"2025-07-28T18:51:08+00:00\",\"breadcrumb\":{\"@id\":\"https:\/\/promothome.com\/gestion-locative\/#breadcrumb\"},\"inLanguage\":\"fr-FR\",\"potentialAction\":[{\"@type\":\"ReadAction\",\"target\":[\"https:\/\/promothome.com\/gestion-locative\/\"]}]},{\"@type\":\"BreadcrumbList\",\"@id\":\"https:\/\/promothome.com\/gestion-locative\/#breadcrumb\",\"itemListElement\":[{\"@type\":\"ListItem\",\"position\":1,\"name\":\"Accueil\",\"item\":\"https:\/\/promothome.com\/gestion-locative\/\"},{\"@type\":\"ListItem\",\"position\":2,\"name\":\"La gestion locative\"}]},{\"@type\":\"WebSite\",\"@id\":\"https:\/\/promothome.com\/gestion-locative\/#website\",\"url\":\"https:\/\/promothome.com\/gestion-locative\/\",\"name\":\"PROMOTHOME - Gestion Locative\",\"description\":\"\",\"publisher\":{\"@id\":\"https:\/\/promothome.com\/gestion-locative\/#organization\"},\"potentialAction\":[{\"@type\":\"SearchAction\",\"target\":{\"@type\":\"EntryPoint\",\"urlTemplate\":\"https:\/\/promothome.com\/gestion-locative\/?s={search_term_string}\"},\"query-input\":{\"@type\":\"PropertyValueSpecification\",\"valueRequired\":true,\"valueName\":\"search_term_string\"}}],\"inLanguage\":\"fr-FR\"},{\"@type\":\"Organization\",\"@id\":\"https:\/\/promothome.com\/gestion-locative\/#organization\",\"name\":\"PROMOTHOME\",\"url\":\"https:\/\/promothome.com\/gestion-locative\/\",\"logo\":{\"@type\":\"ImageObject\",\"inLanguage\":\"fr-FR\",\"@id\":\"https:\/\/promothome.com\/gestion-locative\/#\/schema\/logo\/image\/\",\"url\":\"https:\/\/promothome.com\/wp-content\/uploads\/2019\/09\/promothome-logo-site-dark-web.png\",\"contentUrl\":\"https:\/\/promothome.com\/wp-content\/uploads\/2019\/09\/promothome-logo-site-dark-web.png\",\"width\":800,\"height\":163,\"caption\":\"PROMOTHOME\"},\"image\":{\"@id\":\"https:\/\/promothome.com\/gestion-locative\/#\/schema\/logo\/image\/\"}}]}<\/script>\n<!-- \/ Yoast SEO plugin. -->","yoast_head_json":{"title":"La gestion locative - PROMOTHOME - Gestion Locative","robots":{"index":"index","follow":"follow","max-snippet":"max-snippet:-1","max-image-preview":"max-image-preview:large","max-video-preview":"max-video-preview:-1"},"canonical":"https:\/\/promothome.com\/gestion-locative\/","og_locale":"fr_FR","og_type":"article","og_title":"La gestion locative - PROMOTHOME - Gestion Locative","og_description":"[vc_row][vc_column][vc_column_text css=\u00a0\u00bb.vc_custom_1753728664409{padding-right: 20px !important;padding-left: 20px !important;}\u00a0\u00bb]Promothome Gestion Locative est notre filiale d\u00e9di\u00e9e \u00e0 la gestion et \u00e0 la mise en location de biens immobiliers, qu&rsquo;ils soient neufs ou anciens. Nous vous accompagnons dans toutes les \u00e9tapes de la gestion locative, de la recherche de locataires \u00e0 la gestion des contrats, en passant par la gestion [&hellip;]","og_url":"https:\/\/promothome.com\/gestion-locative\/","og_site_name":"PROMOTHOME - Gestion Locative","article_modified_time":"2025-07-28T18:51:08+00:00","twitter_card":"summary_large_image","twitter_misc":{"Dur\u00e9e de lecture estim\u00e9e":"2 minutes"},"schema":{"@context":"https:\/\/schema.org","@graph":[{"@type":"WebPage","@id":"https:\/\/promothome.com\/gestion-locative\/","url":"https:\/\/promothome.com\/gestion-locative\/","name":"La gestion locative - PROMOTHOME - Gestion Locative","isPartOf":{"@id":"https:\/\/promothome.com\/gestion-locative\/#website"},"datePublished":"2025-07-25T01:15:15+00:00","dateModified":"2025-07-28T18:51:08+00:00","breadcrumb":{"@id":"https:\/\/promothome.com\/gestion-locative\/#breadcrumb"},"inLanguage":"fr-FR","potentialAction":[{"@type":"ReadAction","target":["https:\/\/promothome.com\/gestion-locative\/"]}]},{"@type":"BreadcrumbList","@id":"https:\/\/promothome.com\/gestion-locative\/#breadcrumb","itemListElement":[{"@type":"ListItem","position":1,"name":"Accueil","item":"https:\/\/promothome.com\/gestion-locative\/"},{"@type":"ListItem","position":2,"name":"La gestion locative"}]},{"@type":"WebSite","@id":"https:\/\/promothome.com\/gestion-locative\/#website","url":"https:\/\/promothome.com\/gestion-locative\/","name":"PROMOTHOME - Gestion Locative","description":"","publisher":{"@id":"https:\/\/promothome.com\/gestion-locative\/#organization"},"potentialAction":[{"@type":"SearchAction","target":{"@type":"EntryPoint","urlTemplate":"https:\/\/promothome.com\/gestion-locative\/?s={search_term_string}"},"query-input":{"@type":"PropertyValueSpecification","valueRequired":true,"valueName":"search_term_string"}}],"inLanguage":"fr-FR"},{"@type":"Organization","@id":"https:\/\/promothome.com\/gestion-locative\/#organization","name":"PROMOTHOME","url":"https:\/\/promothome.com\/gestion-locative\/","logo":{"@type":"ImageObject","inLanguage":"fr-FR","@id":"https:\/\/promothome.com\/gestion-locative\/#\/schema\/logo\/image\/","url":"https:\/\/promothome.com\/wp-content\/uploads\/2019\/09\/promothome-logo-site-dark-web.png","contentUrl":"https:\/\/promothome.com\/wp-content\/uploads\/2019\/09\/promothome-logo-site-dark-web.png","width":800,"height":163,"caption":"PROMOTHOME"},"image":{"@id":"https:\/\/promothome.com\/gestion-locative\/#\/schema\/logo\/image\/"}}]}},"_links":{"self":[{"href":"https:\/\/promothome.com\/gestion-locative\/wp-json\/wp\/v2\/pages\/18","targetHints":{"allow":["GET"]}}],"collection":[{"href":"https:\/\/promothome.com\/gestion-locative\/wp-json\/wp\/v2\/pages"}],"about":[{"href":"https:\/\/promothome.com\/gestion-locative\/wp-json\/wp\/v2\/types\/page"}],"author":[{"embeddable":true,"href":"https:\/\/promothome.com\/gestion-locative\/wp-json\/wp\/v2\/users\/1"}],"replies":[{"embeddable":true,"href":"https:\/\/promothome.com\/gestion-locative\/wp-json\/wp\/v2\/comments?post=18"}],"version-history":[{"count":7,"href":"https:\/\/promothome.com\/gestion-locative\/wp-json\/wp\/v2\/pages\/18\/revisions"}],"predecessor-version":[{"id":27,"href":"https:\/\/promothome.com\/gestion-locative\/wp-json\/wp\/v2\/pages\/18\/revisions\/27"}],"wp:attachment":[{"href":"https:\/\/promothome.com\/gestion-locative\/wp-json\/wp\/v2\/media?parent=18"}],"curies":[{"name":"wp","href":"https:\/\/api.w.org\/{rel}","templated":true}]}}